{"id":1115,"date":"2015-02-20T20:12:45","date_gmt":"2015-02-20T20:12:45","guid":{"rendered":"https:\/\/avada.theme-fusion.com_demos\/law\/?page_id=16"},"modified":"2021-06-13T12:11:23","modified_gmt":"2021-06-13T12:11:23","slug":"careers","status":"publish","type":"page","link":"https:\/\/ro.german-resources-company.com\/?page_id=1115","title":{"rendered":"Careers"},"content":{"rendered":"<div class=\"fusion-fullwidth fullwidth-box fusion-builder-row-1 nonhundred-percent-fullwidth non-hundred-percent-height-scrolling\"  style='background-color: rgba(255,255,255,0);background-position: left top;background-repeat: no-repeat;padding-top:100px;padding-right:0px;padding-bottom:80px;padding-left:0px;border-top-width:0px;border-bottom-width:0px;border-color:#e2e2e2;border-top-style:solid;border-bottom-style:solid;'><div class=\"fusion-builder-row fusion-row \"><div  class=\"fusion-layout-column fusion_builder_column fusion_builder_column_1_1 fusion-builder-column-0 fusion-one-full fusion-column-first fusion-column-last fusion-column-no-min-height 1_1\"  style='margin-top:0px;margin-bottom:0px;'><div class=\"fusion-column-wrapper\" style=\"padding: 0px 0px 0px 0px;background-position:left top;background-repeat:no-repeat;-webkit-background-size:cover;-moz-background-size:cover;-o-background-size:cover;background-size:cover;\"   data-bg-url=\"\"><div class=\"fusion-sep-clear\"><\/div><div class=\"fusion-separator fusion-full-width-sep sep-single sep-solid\" style=\"border-color:#55a098;border-top-width:5px;margin-left: auto;margin-right: auto;margin-top:;\"><\/div><div class=\"fusion-clearfix\"><\/div><\/div><\/div><div  class=\"fusion-layout-column fusion_builder_column fusion_builder_column_1_1 fusion-builder-column-1 fusion-one-full fusion-column-first fusion-column-last green-border rounded-border 1_1\"  style='margin-top:0px;margin-bottom:45px;'><div class=\"fusion-column-wrapper\" style=\"background-color:#ffffff;border:1px solid #e2e2e2;padding: 40px 60px 20px 60px;background-position:left top;background-repeat:no-repeat;-webkit-background-size:cover;-moz-background-size:cover;-o-background-size:cover;background-size:cover;\"   data-bg-url=\"\"><style type=\"text\/css\">@media only screen and (max-width:850px) {.fusion-title.fusion-title-1{margin-top:10px!important;margin-bottom:10px!important;}}<\/style><div class=\"fusion-title title fusion-title-1 fusion-sep-none fusion-title-text fusion-title-size-three\" style=\"margin-top:10px;margin-bottom:30px;\"><h3 class=\"title-heading-left\" style=\"margin:0;\"><p>Informa\u021bii generale \u0219i \u00eentreb\u0103ri frecvente<\/p>\n<p>\u00a0<\/p><\/h3><\/div><style type=\"text\/css\">.fusion-accordian  #accordion-1115-1 .panel-title a .fa-fusion-box{ color: #ffffff;}.fusion-accordian  #accordion-1115-1 .panel-title a .fa-fusion-box:before{ font-size: 16px; width: 16px;}.fusion-accordian  #accordion-1115-1 .panel-title a{font-size:14px;}.fusion-accordian  #accordion-1115-1 .fa-fusion-box { background-color: #212934;border-color: #212934;}.fusion-accordian  #accordion-1115-1 .panel-title a:hover, #accordion-1115-1 .fusion-toggle-boxed-mode:hover .panel-title a { color: #65bc7b;}.fusion-accordian  #accordion-1115-1 .panel-title .active .fa-fusion-box,.fusion-accordian  #accordion-1115-1 .panel-title a:hover .fa-fusion-box { background-color: #65bc7b!important;border-color: #65bc7b!important;}<\/style><div class=\"accordian fusion-accordian\"><div class=\"panel-group\" id=\"accordion-1115-1\" role=\"tablist\"><div class=\"fusion-panel panel-default\" role=\"tabpanel\"><div class=\"panel-heading\"><h4 class=\"panel-title toggle\"><a aria-expanded=\"false\" aria-selected=\"false\" aria-controls=\"5f4ab5b31ca2c4f08\" role=\"tab\" data-toggle=\"collapse\" data-parent=\"#accordion-1115-1\" data-target=\"#5f4ab5b31ca2c4f08\" href=\"#5f4ab5b31ca2c4f08\"><span class=\"fusion-toggle-icon-wrapper\" aria-hidden=\"true\"><i class=\"fa-fusion-box\"><\/i><\/span><span class=\"fusion-toggle-heading\">Not\u0103 important\u0103<\/span><\/a><\/h4><\/div><div id=\"5f4ab5b31ca2c4f08\" class=\"panel-collapse collapse \"><div class=\"panel-body toggle-content fusion-clearfix\">\n<p>Domnilor \u0219i femeilor care aplic\u0103 pentru locuri de munc\u0103, v\u0103 rug\u0103m s\u0103 v\u0103 trimite\u021bi complet documentele, f\u0103r\u0103 a pierde documentele necesare:<\/p>\n<ol>\n<li>Certificat de \u0219coal\u0103 secundar\u0103<\/li>\n<li>Diplom\u0103 universitar\u0103<\/li>\n<li>Certificat matricol universitar<\/li>\n<li>O copie a pa\u0219aportului<\/li>\n<li>CV-ul se afl\u0103 \u00een programul Word \u0219i nu \u00een PDF. Acesta va fi scris \u00een arab\u0103 \u0219i englez\u0103 \u0219i va fi tradus \u00een german\u0103. V\u0103 rug\u0103m s\u0103 scrie\u021bi datele a\u0219a cum se arat\u0103 \u00een link.<\/li>\n<\/ol>\n<p><div class=\"video-shortcode\"><iframe loading=\"lazy\" title=\"103. Lebenslauf Cv ( A2 ) \u062a\u0639\u0644\u0645  \u0643\u064a\u0641 \u062a\u0643\u062a\u0628 \u0627\u0644\u0633\u064a\u0631\u0629 \u0627\u0644\u0630\u0627\u062a\u064a\u0629 \u0628\u0627\u0644\u0644\u063a\u0629 \u0627\u0644\u0627\u0644\u0645\u0627\u0646\u064a\u0629\" width=\"1170\" height=\"658\" src=\"https:\/\/www.youtube.com\/embed\/fv60wa-OHgo?feature=oembed\" frameborder=\"0\" allow=\"accelerometer; autoplay; clipboard-write; encrypted-media; gyroscope; picture-in-picture\" allowfullscreen><\/iframe><\/div>\n<\/p>\n<ol start=\"6\">\n<li>Scrierea unei scrisori de cerere pentru pozi\u021bia (motiva\u021bia) \u00een programul cuv\u00e2nt.<\/li>\n<\/ol>\n<p>https:\/\/www.jobymaroc.com\/2018\/11\/blog-post_64.html?m=1<\/p>\n<p>http:\/\/www.lettersandtemplates.com\/en\/index.php?id=28150<\/p>\n<ol start=\"7\">\n<li>Trimite\u021bi din certificatul de limb\u0103 dac\u0103 exist\u0103<\/li>\n<li>Certificat de \u0219tiri de la angajator, dac\u0103 este cazul<\/li>\n<li>Exersarea cardului de profesie, cum ar fi medicin\u0103, asisten\u021b\u0103 medical\u0103 etc.<\/li>\n<\/ol>\n<p>\u00a0<\/p>\n<p>Not\u0103 important\u0103: Toate lucr\u0103rile sunt traduse \u00een englez\u0103. Ata\u0219a\u021bi copia arab\u0103 tradus\u0103 \u0219i toate lucr\u0103rile care particip\u0103 mai sus trebuie s\u0103 fie o fotografie Skaner clar\u0103 \u0219i nu o fotocopie a telefonului mobil Kimra.<\/p>\n<p>O cerere incomplet\u0103 nu va fi luat\u0103 \u00een considerare.<\/p>\n<p>Dup\u0103 primirea actelor necesare, v\u0103 vom contacta de la biroul nostru, a\u0219a c\u0103 v\u0103 rug\u0103m s\u0103 a\u0219tepta\u021bi<\/p>\n<p>Dac\u0103 este aprobat\u0103, persoana va trebui s\u0103 studieze limba german\u0103 \u0219i s\u0103 \u00eenceap\u0103 procedurile la ambasada german\u0103<\/p>\n<p>\u00a0<\/p>\n<p>Cu salut\u0103rile mele sincere c\u0103tre voi to\u021bi<\/p>\n<\/div><\/div><\/div><\/div><\/div><div class=\"fusion-builder-row fusion-builder-row-inner fusion-row \"><div  class=\"fusion-layout-column fusion_builder_column fusion_builder_column_1_2 fusion-builder-nested-column-1 fusion-one-half fusion-column-first 1_2\"  style='margin-top: 0px;margin-bottom: 20px;width:50%;width:calc(50% - ( ( 4% ) * 0.5 ) );margin-right:4%;'>\n\t\t\t\t\t<div class=\"fusion-column-wrapper fusion-column-wrapper-1\" style=\"padding: 0px 0px 0px 0px;background-position:left top;background-repeat:no-repeat;-webkit-background-size:cover;-moz-background-size:cover;-o-background-size:cover;background-size:cover;\" data-bg-url=\"\">\n\t\t\t\t\t\t<div class=\"fusion-text\"><p>Germany opens the labor market to specialized foreign workers, starting in 2020 and expanding opportunities for specialized workers coming from outside the European Union to work in Germany.<\/p>\n<\/div><style type=\"text\/css\">.fusion-accordian  #accordion-1115-2 .panel-title a .fa-fusion-box{ color: #ffffff;}.fusion-accordian  #accordion-1115-2 .panel-title a .fa-fusion-box:before{ font-size: 16px; width: 16px;}.fusion-accordian  #accordion-1115-2 .panel-title a{font-size:14px;}.fusion-accordian  #accordion-1115-2 .fa-fusion-box { background-color: #212934;border-color: #212934;}.fusion-accordian  #accordion-1115-2 .panel-title a:hover, #accordion-1115-2 .fusion-toggle-boxed-mode:hover .panel-title a { color: #65bc7b;}.fusion-accordian  #accordion-1115-2 .panel-title .active .fa-fusion-box,.fusion-accordian  #accordion-1115-2 .panel-title a:hover .fa-fusion-box { background-color: #65bc7b!important;border-color: #65bc7b!important;}<\/style><div class=\"accordian fusion-accordian\"><div class=\"panel-group\" id=\"accordion-1115-2\" role=\"tablist\"><div class=\"fusion-panel panel-default\" role=\"tabpanel\"><div class=\"panel-heading\"><h4 class=\"panel-title toggle\"><a aria-expanded=\"false\" aria-selected=\"false\" aria-controls=\"5a83494f82a929c4c\" role=\"tab\" data-toggle=\"collapse\" data-parent=\"#accordion-1115-2\" data-target=\"#5a83494f82a929c4c\" href=\"#5a83494f82a929c4c\"><span class=\"fusion-toggle-icon-wrapper\" aria-hidden=\"true\"><i class=\"fa-fusion-box\"><\/i><\/span><span class=\"fusion-toggle-heading\"> Ai nevoie de viz\u0103 de c\u0103l\u0103torie?<\/span><\/a><\/h4><\/div><div id=\"5a83494f82a929c4c\" class=\"panel-collapse collapse \"><div class=\"panel-body toggle-content fusion-clearfix\">\n<p>Da, este necesar s\u0103 ob\u021bine\u021bi o viz\u0103 de c\u0103l\u0103torie, dup\u0103 ob\u021binerea oportunit\u0103\u021bii de angajare,<\/p>\n<\/div><\/div><\/div><div class=\"fusion-panel panel-default\" role=\"tabpanel\"><div class=\"panel-heading\"><h4 class=\"panel-title toggle\"><a aria-expanded=\"false\" aria-selected=\"false\" aria-controls=\"398091a461fa5fefb\" role=\"tab\" data-toggle=\"collapse\" data-parent=\"#accordion-1115-2\" data-target=\"#398091a461fa5fefb\" href=\"#398091a461fa5fefb\"><span class=\"fusion-toggle-icon-wrapper\" aria-hidden=\"true\"><i class=\"fa-fusion-box\"><\/i><\/span><span class=\"fusion-toggle-heading\">Ce se \u00een\u021belege prin munc\u0103 calificat\u0103 specializat\u0103? care are :<\/span><\/a><\/h4><\/div><div id=\"398091a461fa5fefb\" class=\"panel-collapse collapse \"><div class=\"panel-body toggle-content fusion-clearfix\">\n<ul>\n<li><strong>Calific\u0103ri profesionale cu<\/strong><\/li>\n<li><strong>o durat\u0103 de cel pu\u021bin doi ani.<\/strong><\/li>\n<\/ul>\n<\/div><\/div><\/div><\/div><\/div><div class=\"fusion-text\"><p>Care sunt condi\u021biile pe care trebuie s\u0103 le \u00eendeplineasc\u0103 lucr\u0103torii califica\u021bi specializa\u021bi?<\/p>\n<p>Condi\u021biile care trebuie \u00eendeplinite sunt:<\/p>\n<ul>\n<li>Recunoa\u0219terea calific\u0103rii unui muncitor calificat.<\/li>\n<li>Primi\u021bi o simpl\u0103 ofert\u0103 de munc\u0103.<\/li>\n<li>Ob\u021binerea unui permis pentru exercitarea profesiei.<\/li>\n<li>Ob\u021binerea unui pa\u0219aport \u0219i a unei c\u0103r\u021bi de identitate.<\/li>\n<li>Cei cu calific\u0103ri eliberate din Rom\u00e2nia nu trebuie s\u0103 aib\u0103 calific\u0103rile lor recunoscute, la fel ca multe calific\u0103ri ale Uniunii Europene sunt recunoscute \u00een Germania. Care sunt<\/li>\n<\/ul>\n<p>\u00a0<\/p>\n<\/div>\n\n\t\t\t\t\t<\/div>\n\t\t\t\t<\/div><div  class=\"fusion-layout-column fusion_builder_column fusion_builder_column_1_2 fusion-builder-nested-column-2 fusion-one-half fusion-column-last 1_2\"  style='margin-top: 0px;margin-bottom: 20px;width:50%;width:calc(50% - ( ( 4% ) * 0.5 ) );'>\n\t\t\t\t\t<div class=\"fusion-column-wrapper fusion-column-wrapper-2\" style=\"padding: 0px 0px 0px 0px;background-position:left top;background-repeat:no-repeat;-webkit-background-size:cover;-moz-background-size:cover;-o-background-size:cover;background-size:cover;\" data-bg-url=\"\">\n\t\t\t\t\t\t<style type=\"text\/css\">.fusion-accordian  #accordion-1115-3 .panel-title a .fa-fusion-box{ color: #ffffff;}.fusion-accordian  #accordion-1115-3 .panel-title a .fa-fusion-box:before{ font-size: 16px; width: 16px;}.fusion-accordian  #accordion-1115-3 .panel-title a{font-size:14px;}.fusion-accordian  #accordion-1115-3 .fa-fusion-box { background-color: #212934;border-color: #212934;}.fusion-accordian  #accordion-1115-3 .panel-title a:hover, #accordion-1115-3 .fusion-toggle-boxed-mode:hover .panel-title a { color: #65bc7b;}.fusion-accordian  #accordion-1115-3 .panel-title .active .fa-fusion-box,.fusion-accordian  #accordion-1115-3 .panel-title a:hover .fa-fusion-box { background-color: #65bc7b!important;border-color: #65bc7b!important;}<\/style><div class=\"accordian fusion-accordian\"><div class=\"panel-group\" id=\"accordion-1115-3\" role=\"tablist\"><div class=\"fusion-panel panel-default\" role=\"tabpanel\"><div class=\"panel-heading\"><h4 class=\"panel-title toggle\"><a aria-expanded=\"false\" aria-selected=\"false\" aria-controls=\"d129a32709e8d0440\" role=\"tab\" data-toggle=\"collapse\" data-parent=\"#accordion-1115-3\" data-target=\"#d129a32709e8d0440\" href=\"#d129a32709e8d0440\"><span class=\"fusion-toggle-icon-wrapper\" aria-hidden=\"true\"><i class=\"fa-fusion-box\"><\/i><\/span><span class=\"fusion-toggle-heading\">posibilit\u0103\u021bile disponibile pentru titularii de diplome universitare str\u0103ine?<\/span><\/a><\/h4><\/div><div id=\"d129a32709e8d0440\" class=\"panel-collapse collapse \"><div class=\"panel-body toggle-content fusion-clearfix\">\n<p>Capacit\u0103\u021bile sunt:<\/p>\n<ul>\n<li>Ob\u021binerea unei oferte de munc\u0103 specifice pentru o perioad\u0103 de cel pu\u021bin \u201e12\u201d dou\u0103sprezece luni.<\/li>\n<li>Adecvarea calific\u0103rii pentru postul solicitat.<\/li>\n<\/ul>\n<p>Salariul total anual nu trebuie s\u0103 fie mai mic de (55.200 euro).<\/p>\n<ul>\n<li style=\"list-style-type: none;\">\n<ul>\n<li>Profesii specifice, cum ar fi medicina, ingineria, matematica \u0219i tehnologia informa\u021biei, salariul total anual este echivalent cu (46.500 de euro).<\/li>\n<\/ul>\n<\/li>\n<\/ul>\n<\/div><\/div><\/div><div class=\"fusion-panel panel-default\" role=\"tabpanel\"><div class=\"panel-heading\"><h4 class=\"panel-title toggle\"><a aria-expanded=\"false\" aria-selected=\"false\" aria-controls=\"36dafe6b86190b7c9\" role=\"tab\" data-toggle=\"collapse\" data-parent=\"#accordion-1115-3\" data-target=\"#36dafe6b86190b7c9\" href=\"#36dafe6b86190b7c9\"><span class=\"fusion-toggle-icon-wrapper\" aria-hidden=\"true\"><i class=\"fa-fusion-box\"><\/i><\/span><span class=\"fusion-toggle-heading\">Dar profesioni\u0219tii IT?<\/span><\/a><\/h4><\/div><div id=\"36dafe6b86190b7c9\" class=\"panel-collapse collapse \"><div class=\"panel-body toggle-content fusion-clearfix\">\n<ul>\n<li>Ace\u0219tia pot lucra \u00een acest domeniu f\u0103r\u0103 dovada c\u0103 au o calificare, ca muncitor calificat specializat, \u00een urm\u0103toarele condi\u021bii:<\/li>\n<li>Ob\u021binerea unei calific\u0103ri similare calific\u0103rii profesionale, de formare sau academice \u00een ultimii \u0219apte ani, cu practicarea muncii pentru o perioad\u0103 de trei ani.<\/li>\n<li>Salariul anual total nu este mai mic de (49.680 euro).<\/li>\n<li>Limba german\u0103 la nivelul intermediar (B1 \/ B2)). Condi\u021bia poate fi renun\u021bat\u0103 \u00een cazul \u00een care angajatul dovede\u0219te adecvarea postului pentru angajatul care cunoa\u0219te limba englez\u0103.<\/li>\n<\/ul>\n<\/div><\/div><\/div><div class=\"fusion-panel panel-default\" role=\"tabpanel\"><div class=\"panel-heading\"><h4 class=\"panel-title toggle\"><a aria-expanded=\"false\" aria-selected=\"false\" aria-controls=\"3588630db6987e567\" role=\"tab\" data-toggle=\"collapse\" data-parent=\"#accordion-1115-3\" data-target=\"#3588630db6987e567\" href=\"#3588630db6987e567\"><span class=\"fusion-toggle-icon-wrapper\" aria-hidden=\"true\"><i class=\"fa-fusion-box\"><\/i><\/span><span class=\"fusion-toggle-heading\">Exist\u0103 alte posibilit\u0103\u021bi de a c\u0103l\u0103tori \u00een Germania la serviciu?<\/span><\/a><\/h4><\/div><div id=\"3588630db6987e567\" class=\"panel-collapse collapse \"><div class=\"panel-body toggle-content fusion-clearfix\">\n<p>Da, este permis \u00een domeniile reglementate de regulamentul de ocupare a for\u021bei de munc\u0103 din str\u0103in\u0103tate, cum ar fi directorii de companii, \u0219oferii, buc\u0103tarii, arti\u0219tii, sportivii etc.<\/p>\n<\/div><\/div><\/div><\/div><\/div>\n\n\t\t\t\t\t<\/div>\n\t\t\t\t<\/div><\/div><div class=\"fusion-text\"><p><strong>Suntem interesa\u021bi s\u0103 oferim cele mai bune servicii \u0219i s\u0103 economisim timp \u0219i efort pentru solicitan\u021bii no\u0219tri prin intermediul companiei noastre pentru a ob\u021bine oportunit\u0103\u021bile lor de a lucra \u00een Europa, \u00een special \u00een Germania, am creat acest site web unde pot fi depuse cereri de locuri de munc\u0103.<\/strong><\/p>\n<\/div><div class=\"fusion-clearfix\"><\/div><\/div><\/div><\/div><\/div>\n","protected":false},"excerpt":{"rendered":"","protected":false},"author":1,"featured_media":0,"parent":0,"menu_order":0,"comment_status":"open","ping_status":"closed","template":"100-width.php","meta":{"footnotes":""},"class_list":["post-1115","page","type-page","status-publish","hentry"],"_links":{"self":[{"href":"https:\/\/ro.german-resources-company.com\/index.php?rest_route=\/wp\/v2\/pages\/1115"}],"collection":[{"href":"https:\/\/ro.german-resources-company.com\/index.php?rest_route=\/wp\/v2\/pages"}],"about":[{"href":"https:\/\/ro.german-resources-company.com\/index.php?rest_route=\/wp\/v2\/types\/page"}],"author":[{"embeddable":true,"href":"https:\/\/ro.german-resources-company.com\/index.php?rest_route=\/wp\/v2\/users\/1"}],"replies":[{"embeddable":true,"href":"https:\/\/ro.german-resources-company.com\/index.php?rest_route=%2Fwp%2Fv2%2Fcomments&post=1115"}],"version-history":[{"count":13,"href":"https:\/\/ro.german-resources-company.com\/index.php?rest_route=\/wp\/v2\/pages\/1115\/revisions"}],"predecessor-version":[{"id":1255,"href":"https:\/\/ro.german-resources-company.com\/index.php?rest_route=\/wp\/v2\/pages\/1115\/revisions\/1255"}],"wp:attachment":[{"href":"https:\/\/ro.german-resources-company.com\/index.php?rest_route=%2Fwp%2Fv2%2Fmedia&parent=1115"}],"curies":[{"name":"wp","href":"https:\/\/api.w.org\/{rel}","templated":true}]}}